{"id":94,"date":"2021-12-12T05:33:24","date_gmt":"2021-12-12T04:33:24","guid":{"rendered":"https:\/\/demosites.royal-elementor-addons.com\/construction-v1\/?page_id=94"},"modified":"2023-04-30T04:41:30","modified_gmt":"2023-04-30T02:41:30","slug":"about","status":"publish","type":"page","link":"https:\/\/tempo-rdc.com\/index.php\/about\/","title":{"rendered":"About"},"content":{"rendered":"\t\t<div data-elementor-type=\"wp-page\" data-elementor-id=\"94\" class=\"elementor elementor-94\">\n\t\t\t\t\t\t<section class=\"elementor-section elementor-top-section elementor-element elementor-element-3730ef01 elementor-section-height-min-height elementor-section-content-middle elementor-section-boxed elementor-section-height-default elementor-section-items-middle wpr-particle-no wpr-jarallax-no wpr-parallax-no wpr-sticky-section-no\" data-id=\"3730ef01\" data-element_type=\"section\" data-e-type=\"section\" data-settings=\"{&quot;background_background&quot;:&quot;gradient&quot;}\">\n\t\t\t\t\t\t<div class=\"elementor-container elementor-column-gap-default\">\n\t\t\t\t\t<div class=\"elementor-column elementor-col-100 elementor-top-column elementor-element elementor-element-3271a306\" data-id=\"3271a306\" data-element_type=\"column\" data-e-type=\"column\">\n\t\t\t<div class=\"elementor-widget-wrap elementor-element-populated\">\n\t\t\t\t\t\t<div class=\"elementor-element elementor-element-1c18478e elementor-widget elementor-widget-heading\" data-id=\"1c18478e\" data-element_type=\"widget\" data-e-type=\"widget\" data-widget_type=\"heading.default\">\n\t\t\t\t<div class=\"elementor-widget-container\">\n\t\t\t\t\t<h2 class=\"elementor-heading-title elementor-size-default\">Qui sommes-nous ?<\/h2>\t\t\t\t<\/div>\n\t\t\t\t<\/div>\n\t\t\t\t\t<\/div>\n\t\t<\/div>\n\t\t\t\t\t<\/div>\n\t\t<\/section>\n\t\t\t\t<section class=\"elementor-section elementor-top-section elementor-element elementor-element-0c2ffa9 elementor-section-height-min-height elementor-section-content-middle elementor-section-boxed elementor-section-height-default elementor-section-items-middle wpr-particle-no wpr-jarallax-no wpr-parallax-no wpr-sticky-section-no\" data-id=\"0c2ffa9\" data-element_type=\"section\" data-e-type=\"section\" data-settings=\"{&quot;background_background&quot;:&quot;classic&quot;}\">\n\t\t\t\t\t\t<div class=\"elementor-container elementor-column-gap-default\">\n\t\t\t\t\t<div class=\"elementor-column elementor-col-100 elementor-top-column elementor-element elementor-element-abbc20a\" data-id=\"abbc20a\" data-element_type=\"column\" data-e-type=\"column\">\n\t\t\t<div class=\"elementor-widget-wrap elementor-element-populated\">\n\t\t\t\t\t\t<section class=\"elementor-section elementor-inner-section elementor-element elementor-element-cde80e5 elementor-section-boxed elementor-section-height-default elementor-section-height-default wpr-particle-no wpr-jarallax-no wpr-parallax-no wpr-sticky-section-no\" data-id=\"cde80e5\" data-element_type=\"section\" data-e-type=\"section\">\n\t\t\t\t\t\t<div class=\"elementor-container elementor-column-gap-default\">\n\t\t\t\t\t<div class=\"elementor-column elementor-col-33 elementor-inner-column elementor-element elementor-element-c555f14\" data-id=\"c555f14\" data-element_type=\"column\" data-e-type=\"column\">\n\t\t\t<div class=\"elementor-widget-wrap\">\n\t\t\t\t\t\t\t<\/div>\n\t\t<\/div>\n\t\t\t\t<div class=\"elementor-column elementor-col-33 elementor-inner-column elementor-element elementor-element-a2bda2a\" data-id=\"a2bda2a\" data-element_type=\"column\" data-e-type=\"column\">\n\t\t\t<div class=\"elementor-widget-wrap elementor-element-populated\">\n\t\t\t\t\t\t<div class=\"elementor-element elementor-element-2b5f247 elementor-widget elementor-widget-text-editor\" data-id=\"2b5f247\" data-element_type=\"widget\" data-e-type=\"widget\" data-widget_type=\"text-editor.default\">\n\t\t\t\t<div class=\"elementor-widget-container\">\n\t\t\t\t\t\t\t\t\t<p>Nous sommes une entreprise congolaise priv\u00e9e qui exerce dans plusieurs domaines. Notamment en Douane, l&#8217;Import-Export, Trading Consultant International, Immobiliers et Mines.<\/p>\t\t\t\t\t\t\t\t<\/div>\n\t\t\t\t<\/div>\n\t\t\t\t\t<\/div>\n\t\t<\/div>\n\t\t\t\t<div class=\"elementor-column elementor-col-33 elementor-inner-column elementor-element elementor-element-380e32f\" data-id=\"380e32f\" data-element_type=\"column\" data-e-type=\"column\">\n\t\t\t<div class=\"elementor-widget-wrap\">\n\t\t\t\t\t\t\t<\/div>\n\t\t<\/div>\n\t\t\t\t\t<\/div>\n\t\t<\/section>\n\t\t\t\t\t<\/div>\n\t\t<\/div>\n\t\t\t\t\t<\/div>\n\t\t<\/section>\n\t\t\t\t<section class=\"elementor-section elementor-top-section elementor-element elementor-element-4509719 elementor-section-boxed elementor-section-height-default elementor-section-height-default wpr-particle-no wpr-jarallax-no wpr-parallax-no wpr-sticky-section-no\" data-id=\"4509719\" data-element_type=\"section\" data-e-type=\"section\">\n\t\t\t\t\t\t<div class=\"elementor-container elementor-column-gap-default\">\n\t\t\t\t\t<div class=\"elementor-column elementor-col-50 elementor-top-column elementor-element elementor-element-3d2e466\" data-id=\"3d2e466\" data-element_type=\"column\" data-e-type=\"column\">\n\t\t\t<div class=\"elementor-widget-wrap elementor-element-populated\">\n\t\t\t\t\t\t<div class=\"elementor-element elementor-element-add7868 elementor-widget elementor-widget-image\" data-id=\"add7868\" data-element_type=\"widget\" data-e-type=\"widget\" data-widget_type=\"image.default\">\n\t\t\t\t<div class=\"elementor-widget-container\">\n\t\t\t\t\t\t\t\t\t\t\t\t\t\t\t<img fetchpriority=\"high\" decoding=\"async\" width=\"719\" height=\"1080\" src=\"https:\/\/tempo-rdc.com\/wp-content\/uploads\/2022\/10\/PHOTO-2022-08-10-23-25-36.jpg\" class=\"attachment-medium_large size-medium_large wp-image-1456\" alt=\"\" srcset=\"https:\/\/tempo-rdc.com\/wp-content\/uploads\/2022\/10\/PHOTO-2022-08-10-23-25-36.jpg 719w, https:\/\/tempo-rdc.com\/wp-content\/uploads\/2022\/10\/PHOTO-2022-08-10-23-25-36-200x300.jpg 200w, https:\/\/tempo-rdc.com\/wp-content\/uploads\/2022\/10\/PHOTO-2022-08-10-23-25-36-682x1024.jpg 682w\" sizes=\"(max-width: 719px) 100vw, 719px\" \/>\t\t\t\t\t\t\t\t\t\t\t\t\t\t\t<\/div>\n\t\t\t\t<\/div>\n\t\t\t\t\t<\/div>\n\t\t<\/div>\n\t\t\t\t<div class=\"elementor-column elementor-col-50 elementor-top-column elementor-element elementor-element-91070bc\" data-id=\"91070bc\" data-element_type=\"column\" data-e-type=\"column\">\n\t\t\t<div class=\"elementor-widget-wrap elementor-element-populated\">\n\t\t\t\t\t\t<div class=\"elementor-element elementor-element-7f2a3a2 elementor-hidden-tablet elementor-hidden-mobile elementor-widget elementor-widget-spacer\" data-id=\"7f2a3a2\" data-element_type=\"widget\" data-e-type=\"widget\" data-widget_type=\"spacer.default\">\n\t\t\t\t<div class=\"elementor-widget-container\">\n\t\t\t\t\t\t\t<div class=\"elementor-spacer\">\n\t\t\t<div class=\"elementor-spacer-inner\"><\/div>\n\t\t<\/div>\n\t\t\t\t\t\t<\/div>\n\t\t\t\t<\/div>\n\t\t\t\t<div class=\"elementor-element elementor-element-dc5bc3e elementor-widget elementor-widget-text-editor\" data-id=\"dc5bc3e\" data-element_type=\"widget\" data-e-type=\"widget\" data-widget_type=\"text-editor.default\">\n\t\t\t\t<div class=\"elementor-widget-container\">\n\t\t\t\t\t\t\t\t\t<p>Notre \u00e9quipe met \u00e0 votre profit son expertise op\u00e9rationnelle reconnue dans la fourniture des meilleurs services.<\/p><p>Chez TEMPO MULTISERVICES Sarl chaque probl\u00e8me est trait\u00e9 diff\u00e9remment et la satisfaction de notre client\u00e8le est la priorit\u00e9 absolue. Notre \u00e9quipe est toujours \u00e0 l&#8217;\u00e9coute 7\/7\/365, n&#8217;h\u00e9sitez\u00a0 pas de contacter au besoin.<\/p>\t\t\t\t\t\t\t\t<\/div>\n\t\t\t\t<\/div>\n\t\t\t\t\t<\/div>\n\t\t<\/div>\n\t\t\t\t\t<\/div>\n\t\t<\/section>\n\t\t\t\t<section class=\"elementor-section elementor-top-section elementor-element elementor-element-8b6f0a8 elementor-section-boxed elementor-section-height-default elementor-section-height-default wpr-particle-no wpr-jarallax-no wpr-parallax-no wpr-sticky-section-no\" data-id=\"8b6f0a8\" data-element_type=\"section\" data-e-type=\"section\">\n\t\t\t\t\t\t<div class=\"elementor-container elementor-column-gap-default\">\n\t\t\t\t\t<div class=\"elementor-column elementor-col-100 elementor-top-column elementor-element elementor-element-ffd983f\" data-id=\"ffd983f\" data-element_type=\"column\" data-e-type=\"column\" data-settings=\"{&quot;background_background&quot;:&quot;classic&quot;}\">\n\t\t\t<div class=\"elementor-widget-wrap elementor-element-populated\">\n\t\t\t\t\t\t<section class=\"elementor-section elementor-inner-section elementor-element elementor-element-8ebb983 elementor-section-boxed elementor-section-height-default elementor-section-height-default wpr-particle-no wpr-jarallax-no wpr-parallax-no wpr-sticky-section-no\" data-id=\"8ebb983\" data-element_type=\"section\" data-e-type=\"section\">\n\t\t\t\t\t\t<div class=\"elementor-container elementor-column-gap-default\">\n\t\t\t\t\t<div class=\"elementor-column elementor-col-33 elementor-inner-column elementor-element elementor-element-02b6f6e\" data-id=\"02b6f6e\" data-element_type=\"column\" data-e-type=\"column\">\n\t\t\t<div class=\"elementor-widget-wrap elementor-element-populated\">\n\t\t\t\t\t\t<div class=\"elementor-element elementor-element-12c03f8 elementor-widget elementor-widget-image\" data-id=\"12c03f8\" data-element_type=\"widget\" data-e-type=\"widget\" data-widget_type=\"image.default\">\n\t\t\t\t<div class=\"elementor-widget-container\">\n\t\t\t\t\t\t\t\t\t\t\t\t\t\t\t<img decoding=\"async\" width=\"327\" height=\"337\" src=\"https:\/\/tempo-rdc.com\/wp-content\/uploads\/2022\/10\/hyper-psaro-tempo-multiservices.png\" class=\"attachment-large size-large wp-image-1457\" alt=\"\" srcset=\"https:\/\/tempo-rdc.com\/wp-content\/uploads\/2022\/10\/hyper-psaro-tempo-multiservices.png 327w, https:\/\/tempo-rdc.com\/wp-content\/uploads\/2022\/10\/hyper-psaro-tempo-multiservices-291x300.png 291w\" sizes=\"(max-width: 327px) 100vw, 327px\" \/>\t\t\t\t\t\t\t\t\t\t\t\t\t\t\t<\/div>\n\t\t\t\t<\/div>\n\t\t\t\t\t<\/div>\n\t\t<\/div>\n\t\t\t\t<div class=\"elementor-column elementor-col-33 elementor-inner-column elementor-element elementor-element-52b0760\" data-id=\"52b0760\" data-element_type=\"column\" data-e-type=\"column\">\n\t\t\t<div class=\"elementor-widget-wrap elementor-element-populated\">\n\t\t\t\t\t\t<div class=\"elementor-element elementor-element-64b0972 elementor-widget elementor-widget-image\" data-id=\"64b0972\" data-element_type=\"widget\" data-e-type=\"widget\" data-widget_type=\"image.default\">\n\t\t\t\t<div class=\"elementor-widget-container\">\n\t\t\t\t\t\t\t\t\t\t\t\t\t\t\t<img decoding=\"async\" width=\"325\" height=\"338\" src=\"https:\/\/tempo-rdc.com\/wp-content\/uploads\/2022\/10\/vivco-tempo-multiservices.png\" class=\"attachment-large size-large wp-image-1458\" alt=\"\" srcset=\"https:\/\/tempo-rdc.com\/wp-content\/uploads\/2022\/10\/vivco-tempo-multiservices.png 325w, https:\/\/tempo-rdc.com\/wp-content\/uploads\/2022\/10\/vivco-tempo-multiservices-288x300.png 288w\" sizes=\"(max-width: 325px) 100vw, 325px\" \/>\t\t\t\t\t\t\t\t\t\t\t\t\t\t\t<\/div>\n\t\t\t\t<\/div>\n\t\t\t\t\t<\/div>\n\t\t<\/div>\n\t\t\t\t<div class=\"elementor-column elementor-col-33 elementor-inner-column elementor-element elementor-element-f538cae\" data-id=\"f538cae\" data-element_type=\"column\" data-e-type=\"column\">\n\t\t\t<div class=\"elementor-widget-wrap elementor-element-populated\">\n\t\t\t\t\t\t<div class=\"elementor-element elementor-element-6bd7194 elementor-widget elementor-widget-image\" data-id=\"6bd7194\" data-element_type=\"widget\" data-e-type=\"widget\" data-widget_type=\"image.default\">\n\t\t\t\t<div class=\"elementor-widget-container\">\n\t\t\t\t\t\t\t\t\t\t\t\t\t\t\t<img loading=\"lazy\" decoding=\"async\" width=\"329\" height=\"342\" src=\"https:\/\/tempo-rdc.com\/wp-content\/uploads\/2022\/10\/tempo-2.png\" class=\"attachment-large size-large wp-image-1459\" alt=\"\" srcset=\"https:\/\/tempo-rdc.com\/wp-content\/uploads\/2022\/10\/tempo-2.png 329w, https:\/\/tempo-rdc.com\/wp-content\/uploads\/2022\/10\/tempo-2-289x300.png 289w\" sizes=\"(max-width: 329px) 100vw, 329px\" \/>\t\t\t\t\t\t\t\t\t\t\t\t\t\t\t<\/div>\n\t\t\t\t<\/div>\n\t\t\t\t\t<\/div>\n\t\t<\/div>\n\t\t\t\t\t<\/div>\n\t\t<\/section>\n\t\t\t\t<section class=\"elementor-section elementor-inner-section elementor-element elementor-element-b696fca elementor-section-boxed elementor-section-height-default elementor-section-height-default wpr-particle-no wpr-jarallax-no wpr-parallax-no wpr-sticky-section-no\" data-id=\"b696fca\" data-element_type=\"section\" data-e-type=\"section\">\n\t\t\t\t\t\t<div class=\"elementor-container elementor-column-gap-default\">\n\t\t\t\t\t<div class=\"elementor-column elementor-col-33 elementor-inner-column elementor-element elementor-element-fc9fcce\" data-id=\"fc9fcce\" data-element_type=\"column\" data-e-type=\"column\">\n\t\t\t<div class=\"elementor-widget-wrap elementor-element-populated\">\n\t\t\t\t\t\t<div class=\"elementor-element elementor-element-7879f66 elementor-widget elementor-widget-image\" data-id=\"7879f66\" data-element_type=\"widget\" data-e-type=\"widget\" data-widget_type=\"image.default\">\n\t\t\t\t<div class=\"elementor-widget-container\">\n\t\t\t\t\t\t\t\t\t\t\t\t\t\t\t<img loading=\"lazy\" decoding=\"async\" width=\"330\" height=\"345\" src=\"https:\/\/tempo-rdc.com\/wp-content\/uploads\/2022\/10\/legacy-xp-tempo-multiservices.png\" class=\"attachment-large size-large wp-image-1460\" alt=\"\" srcset=\"https:\/\/tempo-rdc.com\/wp-content\/uploads\/2022\/10\/legacy-xp-tempo-multiservices.png 330w, https:\/\/tempo-rdc.com\/wp-content\/uploads\/2022\/10\/legacy-xp-tempo-multiservices-287x300.png 287w\" sizes=\"(max-width: 330px) 100vw, 330px\" \/>\t\t\t\t\t\t\t\t\t\t\t\t\t\t\t<\/div>\n\t\t\t\t<\/div>\n\t\t\t\t\t<\/div>\n\t\t<\/div>\n\t\t\t\t<div class=\"elementor-column elementor-col-33 elementor-inner-column elementor-element elementor-element-32e53f6\" data-id=\"32e53f6\" data-element_type=\"column\" data-e-type=\"column\">\n\t\t\t<div class=\"elementor-widget-wrap elementor-element-populated\">\n\t\t\t\t\t\t<div class=\"elementor-element elementor-element-96887db elementor-widget elementor-widget-image\" data-id=\"96887db\" data-element_type=\"widget\" data-e-type=\"widget\" data-widget_type=\"image.default\">\n\t\t\t\t<div class=\"elementor-widget-container\">\n\t\t\t\t\t\t\t\t\t\t\t\t\t\t\t<img loading=\"lazy\" decoding=\"async\" width=\"329\" height=\"345\" src=\"https:\/\/tempo-rdc.com\/wp-content\/uploads\/2022\/10\/rm-investment-tempo-multiservices.png\" class=\"attachment-large size-large wp-image-1461\" alt=\"\" srcset=\"https:\/\/tempo-rdc.com\/wp-content\/uploads\/2022\/10\/rm-investment-tempo-multiservices.png 329w, https:\/\/tempo-rdc.com\/wp-content\/uploads\/2022\/10\/rm-investment-tempo-multiservices-286x300.png 286w\" sizes=\"(max-width: 329px) 100vw, 329px\" \/>\t\t\t\t\t\t\t\t\t\t\t\t\t\t\t<\/div>\n\t\t\t\t<\/div>\n\t\t\t\t\t<\/div>\n\t\t<\/div>\n\t\t\t\t<div class=\"elementor-column elementor-col-33 elementor-inner-column elementor-element elementor-element-c5d9f8c\" data-id=\"c5d9f8c\" data-element_type=\"column\" data-e-type=\"column\">\n\t\t\t<div class=\"elementor-widget-wrap elementor-element-populated\">\n\t\t\t\t\t\t<div class=\"elementor-element elementor-element-093e52b elementor-widget elementor-widget-image\" data-id=\"093e52b\" data-element_type=\"widget\" data-e-type=\"widget\" data-widget_type=\"image.default\">\n\t\t\t\t<div class=\"elementor-widget-container\">\n\t\t\t\t\t\t\t\t\t\t\t\t\t\t\t<img loading=\"lazy\" decoding=\"async\" width=\"329\" height=\"343\" src=\"https:\/\/tempo-rdc.com\/wp-content\/uploads\/2022\/10\/qvadis-tempo-multiservices.png\" class=\"attachment-large size-large wp-image-1462\" alt=\"\" srcset=\"https:\/\/tempo-rdc.com\/wp-content\/uploads\/2022\/10\/qvadis-tempo-multiservices.png 329w, https:\/\/tempo-rdc.com\/wp-content\/uploads\/2022\/10\/qvadis-tempo-multiservices-288x300.png 288w\" sizes=\"(max-width: 329px) 100vw, 329px\" \/>\t\t\t\t\t\t\t\t\t\t\t\t\t\t\t<\/div>\n\t\t\t\t<\/div>\n\t\t\t\t\t<\/div>\n\t\t<\/div>\n\t\t\t\t\t<\/div>\n\t\t<\/section>\n\t\t\t\t\t<\/div>\n\t\t<\/div>\n\t\t\t\t\t<\/div>\n\t\t<\/section>\n\t\t\t\t<\/div>\n\t\t","protected":false},"excerpt":{"rendered":"<p>Qui sommes-nous ? Nous sommes une entreprise congolaise priv\u00e9e qui exerce dans plusieurs domaines. Notamment en Douane, l&#8217;Import-Export, Trading Consultant International, Immobiliers et Mines. Notre \u00e9quipe met \u00e0 votre profit son expertise op\u00e9rationnelle reconnue dans la fourniture des meilleurs services. Chez TEMPO MULTISERVICES Sarl chaque probl\u00e8me est trait\u00e9 diff\u00e9remment et la satisfaction de notre client\u00e8le est la priorit\u00e9 absolue. Notre \u00e9quipe est toujours \u00e0 l&#8217;\u00e9coute 7\/7\/365, n&#8217;h\u00e9sitez\u00a0 pas de contacter au besoin.<\/p>\n","protected":false},"author":1,"featured_media":0,"parent":0,"menu_order":0,"comment_status":"closed","ping_status":"closed","template":"elementor_canvas","meta":{"footnotes":""},"class_list":["post-94","page","type-page","status-publish","hentry"],"_links":{"self":[{"href":"https:\/\/tempo-rdc.com\/index.php\/wp-json\/wp\/v2\/pages\/94","targetHints":{"allow":["GET"]}}],"collection":[{"href":"https:\/\/tempo-rdc.com\/index.php\/wp-json\/wp\/v2\/pages"}],"about":[{"href":"https:\/\/tempo-rdc.com\/index.php\/wp-json\/wp\/v2\/types\/page"}],"author":[{"embeddable":true,"href":"https:\/\/tempo-rdc.com\/index.php\/wp-json\/wp\/v2\/users\/1"}],"replies":[{"embeddable":true,"href":"https:\/\/tempo-rdc.com\/index.php\/wp-json\/wp\/v2\/comments?post=94"}],"version-history":[{"count":152,"href":"https:\/\/tempo-rdc.com\/index.php\/wp-json\/wp\/v2\/pages\/94\/revisions"}],"predecessor-version":[{"id":1628,"href":"https:\/\/tempo-rdc.com\/index.php\/wp-json\/wp\/v2\/pages\/94\/revisions\/1628"}],"wp:attachment":[{"href":"https:\/\/tempo-rdc.com\/index.php\/wp-json\/wp\/v2\/media?parent=94"}],"curies":[{"name":"wp","href":"https:\/\/api.w.org\/{rel}","templated":true}]}}